{"id":39,"date":"2025-08-01T19:14:43","date_gmt":"2025-08-01T19:14:43","guid":{"rendered":"https:\/\/www.aidtech.cz\/?page_id=39"},"modified":"2025-08-01T20:03:14","modified_gmt":"2025-08-01T20:03:14","slug":"home","status":"publish","type":"page","link":"https:\/\/www.aidtech.cz\/","title":{"rendered":"home"},"content":{"rendered":"\t\t<div data-elementor-type=\"wp-page\" data-elementor-id=\"39\" class=\"elementor elementor-39\">\n\t\t\t\t<div class=\"elementor-element elementor-element-0bcc1a0 e-flex e-con-boxed e-con e-parent\" data-id=\"0bcc1a0\" data-element_type=\"container\">\n\t\t\t\t\t<div class=\"e-con-inner\">\n\t\t<div class=\"elementor-element elementor-element-a3e7fb3 e-grid e-con-full e-con e-child\" data-id=\"a3e7fb3\" data-element_type=\"container\">\n\t\t<div class=\"elementor-element elementor-element-6932998 e-con-full e-flex e-con e-child\" data-id=\"6932998\" data-element_type=\"container\">\n\t\t\t\t<div class=\"elementor-element elementor-element-c0bf859 elementor-widget elementor-widget-heading\" data-id=\"c0bf859\" data-element_type=\"widget\" data-widget_type=\"heading.default\">\n\t\t\t\t\t<h2 class=\"elementor-heading-title elementor-size-default\">Osv\u011btlen\u00ed<\/h2>\t\t\t\t<\/div>\n\t\t\t\t<div class=\"elementor-element elementor-element-4028dfc elementor-widget elementor-widget-html\" data-id=\"4028dfc\" data-element_type=\"widget\" data-widget_type=\"html.default\">\n\t\t\t\t\t<!DOCTYPE html>\n<html lang=\"cs\">\n<head>\n  <meta charset=\"UTF-8\">\n  <title>\u010c\u00e1ra s volitelnou barvou<\/title>\n  <style>\n    :root {\n      --moje-cara-barva: #6395EE; \/* Zde si zm\u011b\u0148 barvu *\/\n    }\n    .moje-cara-container {\n      display: flex;\n      align-items: center;\n      justify-content: center;\n    }\n    .moje-cara-dot {\n      width: 11.2px;\n      height: 5.6px;\n      border-radius: 2.8px;\n      background: var(--moje-cara-barva);\n      margin-right: 8px;\n    }\n    .moje-cara-line {\n      width: 72px;\n      height: 5.6px;\n      border-radius: 2.8px;\n      background: var(--moje-cara-barva);\n    }\n  <\/style>\n<\/head>\n<body>\n  <div class=\"moje-cara-container\">\n    <div class=\"moje-cara-dot\"><\/div>\n    <div class=\"moje-cara-line\"><\/div>\n  <\/div>\n<\/body>\n<\/html>\n\t\t\t\t<\/div>\n\t\t\t\t<div class=\"elementor-element elementor-element-1d33913 elementor-icon-list--layout-traditional elementor-list-item-link-full_width elementor-widget elementor-widget-icon-list\" data-id=\"1d33913\" data-element_type=\"widget\" data-widget_type=\"icon-list.default\">\n\t\t\t\t\t\t\t<ul class=\"elementor-icon-list-items\">\n\t\t\t\t\t\t\t<li class=\"elementor-icon-list-item\">\n\t\t\t\t\t\t\t\t\t\t<span class=\"elementor-icon-list-text\">Nejd\u0159\u00edve je pot\u0159eba zjistit, jak vypad\u00e1 tv\u016fj b\u011b\u017en\u00fd j\u00eddeln\u00ed\u010dek. To ud\u011bl\u00e1\u0161 tak, \u017ee si pomoc\u00ed aplikace <b>Kalorick\u00e9 tabulky<\/b> vytvo\u0159\u00ed\u0161 <b>t\u00fddenn\u00ed z\u00e1znam<\/b> toho, co skute\u010dn\u011b j\u00ed\u0161 a pije\u0161.<\/span>\n\t\t\t\t\t\t\t\t\t<\/li>\n\t\t\t\t\t\t<\/ul>\n\t\t\t\t\t\t<\/div>\n\t\t\t\t<div class=\"elementor-element elementor-element-edeeb97 elementor-widget elementor-widget-button\" data-id=\"edeeb97\" data-element_type=\"widget\" data-widget_type=\"button.default\">\n\t\t\t\t\t\t\t\t\t\t<a class=\"elementor-button elementor-button-link elementor-size-sm\" href=\"#\">\n\t\t\t\t\t\t<span class=\"elementor-button-content-wrapper\">\n\t\t\t\t\t\t\t\t\t<span class=\"elementor-button-text\">Na\u0161e projekty<\/span>\n\t\t\t\t\t<\/span>\n\t\t\t\t\t<\/a>\n\t\t\t\t\t\t\t\t<\/div>\n\t\t\t\t<\/div>\n\t\t\t\t<div class=\"elementor-element elementor-element-6543274 elementor-widget elementor-widget-image\" data-id=\"6543274\" data-element_type=\"widget\" data-widget_type=\"image.default\">\n\t\t\t\t\t\t\t\t\t\t\t\t\t\t\t<img fetchpriority=\"high\" decoding=\"async\" width=\"1024\" height=\"1024\" src=\"https:\/\/www.aidtech.cz\/wp-content\/uploads\/2025\/08\/osvetleni.png\" class=\"attachment-large size-large wp-image-43\" alt=\"\" srcset=\"https:\/\/www.aidtech.cz\/wp-content\/uploads\/2025\/08\/osvetleni.png 1024w, https:\/\/www.aidtech.cz\/wp-content\/uploads\/2025\/08\/osvetleni-300x300.png 300w, https:\/\/www.aidtech.cz\/wp-content\/uploads\/2025\/08\/osvetleni-150x150.png 150w, https:\/\/www.aidtech.cz\/wp-content\/uploads\/2025\/08\/osvetleni-768x768.png 768w\" sizes=\"(max-width: 1024px) 100vw, 1024px\" \/>\t\t\t\t\t\t\t\t\t\t\t\t\t\t\t<\/div>\n\t\t\t\t<\/div>\n\t\t\t\t\t<\/div>\n\t\t\t\t<\/div>\n\t\t<div class=\"elementor-element elementor-element-91625b5 e-flex e-con-boxed e-con e-parent\" data-id=\"91625b5\" data-element_type=\"container\">\n\t\t\t\t\t<div class=\"e-con-inner\">\n\t\t<div class=\"elementor-element elementor-element-fbabc66 e-grid e-con-full e-con e-child\" data-id=\"fbabc66\" data-element_type=\"container\">\n\t\t\t\t<div class=\"elementor-element elementor-element-a6e67f6 elementor-widget elementor-widget-image\" data-id=\"a6e67f6\" data-element_type=\"widget\" data-widget_type=\"image.default\">\n\t\t\t\t\t\t\t\t\t\t\t\t\t\t\t<img decoding=\"async\" width=\"1024\" height=\"1024\" src=\"https:\/\/www.aidtech.cz\/wp-content\/uploads\/2025\/08\/slabo-rpoud.png\" class=\"attachment-full size-full wp-image-45\" alt=\"\" srcset=\"https:\/\/www.aidtech.cz\/wp-content\/uploads\/2025\/08\/slabo-rpoud.png 1024w, https:\/\/www.aidtech.cz\/wp-content\/uploads\/2025\/08\/slabo-rpoud-300x300.png 300w, https:\/\/www.aidtech.cz\/wp-content\/uploads\/2025\/08\/slabo-rpoud-150x150.png 150w, https:\/\/www.aidtech.cz\/wp-content\/uploads\/2025\/08\/slabo-rpoud-768x768.png 768w\" sizes=\"(max-width: 1024px) 100vw, 1024px\" \/>\t\t\t\t\t\t\t\t\t\t\t\t\t\t\t<\/div>\n\t\t<div class=\"elementor-element elementor-element-4145d25 e-con-full e-flex e-con e-child\" data-id=\"4145d25\" data-element_type=\"container\">\n\t\t\t\t<div class=\"elementor-element elementor-element-f4c8f89 elementor-widget elementor-widget-heading\" data-id=\"f4c8f89\" data-element_type=\"widget\" data-widget_type=\"heading.default\">\n\t\t\t\t\t<h2 class=\"elementor-heading-title elementor-size-default\">Slaboproud<\/h2>\t\t\t\t<\/div>\n\t\t\t\t<div class=\"elementor-element elementor-element-a61885d elementor-widget elementor-widget-html\" data-id=\"a61885d\" data-element_type=\"widget\" data-widget_type=\"html.default\">\n\t\t\t\t\t<!DOCTYPE html>\n<html lang=\"cs\">\n<head>\n  <meta charset=\"UTF-8\">\n  <title>\u010c\u00e1ra s volitelnou barvou<\/title>\n  <style>\n    :root {\n      --moje-cara-barva: #6395EE; \/* Zde si zm\u011b\u0148 barvu *\/\n    }\n    .moje-cara-container {\n      display: flex;\n      align-items: center;\n      justify-content: center;\n    }\n    .moje-cara-dot {\n      width: 11.2px;\n      height: 5.6px;\n      border-radius: 2.8px;\n      background: var(--moje-cara-barva);\n      margin-right: 8px;\n    }\n    .moje-cara-line {\n      width: 72px;\n      height: 5.6px;\n      border-radius: 2.8px;\n      background: var(--moje-cara-barva);\n    }\n  <\/style>\n<\/head>\n<body>\n  <div class=\"moje-cara-container\">\n    <div class=\"moje-cara-dot\"><\/div>\n    <div class=\"moje-cara-line\"><\/div>\n  <\/div>\n<\/body>\n<\/html>\n\t\t\t\t<\/div>\n\t\t\t\t<div class=\"elementor-element elementor-element-b37b21c elementor-icon-list--layout-traditional elementor-list-item-link-full_width elementor-widget elementor-widget-icon-list\" data-id=\"b37b21c\" data-element_type=\"widget\" data-widget_type=\"icon-list.default\">\n\t\t\t\t\t\t\t<ul class=\"elementor-icon-list-items\">\n\t\t\t\t\t\t\t<li class=\"elementor-icon-list-item\">\n\t\t\t\t\t\t\t\t\t\t<span class=\"elementor-icon-list-text\">Nejd\u0159\u00edve je pot\u0159eba zjistit, jak vypad\u00e1 tv\u016fj b\u011b\u017en\u00fd j\u00eddeln\u00ed\u010dek. To ud\u011bl\u00e1\u0161 tak, \u017ee si pomoc\u00ed aplikace <b>Kalorick\u00e9 tabulky<\/b> vytvo\u0159\u00ed\u0161 <b>t\u00fddenn\u00ed z\u00e1znam<\/b> toho, co skute\u010dn\u011b j\u00ed\u0161 a pije\u0161.<\/span>\n\t\t\t\t\t\t\t\t\t<\/li>\n\t\t\t\t\t\t<\/ul>\n\t\t\t\t\t\t<\/div>\n\t\t\t\t<div class=\"elementor-element elementor-element-3894dbf elementor-widget elementor-widget-button\" data-id=\"3894dbf\" data-element_type=\"widget\" data-widget_type=\"button.default\">\n\t\t\t\t\t\t\t\t\t\t<a class=\"elementor-button elementor-button-link elementor-size-sm\" href=\"#\">\n\t\t\t\t\t\t<span class=\"elementor-button-content-wrapper\">\n\t\t\t\t\t\t\t\t\t<span class=\"elementor-button-text\">Na\u0161e projekty<\/span>\n\t\t\t\t\t<\/span>\n\t\t\t\t\t<\/a>\n\t\t\t\t\t\t\t\t<\/div>\n\t\t\t\t<\/div>\n\t\t\t\t<\/div>\n\t\t\t\t\t<\/div>\n\t\t\t\t<\/div>\n\t\t<div class=\"elementor-element elementor-element-d5ccf2c e-flex e-con-boxed e-con e-parent\" data-id=\"d5ccf2c\" data-element_type=\"container\">\n\t\t\t\t\t<div class=\"e-con-inner\">\n\t\t<div class=\"elementor-element elementor-element-6ed860e e-grid e-con-full e-con e-child\" data-id=\"6ed860e\" data-element_type=\"container\">\n\t\t<div class=\"elementor-element elementor-element-30cb1b1 e-con-full e-flex e-con e-child\" data-id=\"30cb1b1\" data-element_type=\"container\">\n\t\t\t\t<div class=\"elementor-element elementor-element-c06e7d3 elementor-widget elementor-widget-heading\" data-id=\"c06e7d3\" data-element_type=\"widget\" data-widget_type=\"heading.default\">\n\t\t\t\t\t<h2 class=\"elementor-heading-title elementor-size-default\">Kamerov\u00e9 syst\u00e9my<\/h2>\t\t\t\t<\/div>\n\t\t\t\t<div class=\"elementor-element elementor-element-1dd24cc elementor-widget elementor-widget-html\" data-id=\"1dd24cc\" data-element_type=\"widget\" data-widget_type=\"html.default\">\n\t\t\t\t\t<!DOCTYPE html>\n<html lang=\"cs\">\n<head>\n  <meta charset=\"UTF-8\">\n  <title>\u010c\u00e1ra s volitelnou barvou<\/title>\n  <style>\n    :root {\n      --moje-cara-barva: #6395EE; \/* Zde si zm\u011b\u0148 barvu *\/\n    }\n    .moje-cara-container {\n      display: flex;\n      align-items: center;\n      justify-content: center;\n    }\n    .moje-cara-dot {\n      width: 11.2px;\n      height: 5.6px;\n      border-radius: 2.8px;\n      background: var(--moje-cara-barva);\n      margin-right: 8px;\n    }\n    .moje-cara-line {\n      width: 72px;\n      height: 5.6px;\n      border-radius: 2.8px;\n      background: var(--moje-cara-barva);\n    }\n  <\/style>\n<\/head>\n<body>\n  <div class=\"moje-cara-container\">\n    <div class=\"moje-cara-dot\"><\/div>\n    <div class=\"moje-cara-line\"><\/div>\n  <\/div>\n<\/body>\n<\/html>\n\t\t\t\t<\/div>\n\t\t<div class=\"elementor-element elementor-element-b36c603 e-con-full e-flex e-con e-child\" data-id=\"b36c603\" data-element_type=\"container\">\n\t\t\t\t<div class=\"elementor-element elementor-element-7298b1a elementor-widget__width-auto elementor-widget elementor-widget-button\" data-id=\"7298b1a\" data-element_type=\"widget\" data-widget_type=\"button.default\">\n\t\t\t\t\t\t\t\t\t\t<a class=\"elementor-button elementor-button-link elementor-size-sm\" href=\"#\">\n\t\t\t\t\t\t<span class=\"elementor-button-content-wrapper\">\n\t\t\t\t\t\t\t\t\t<span class=\"elementor-button-text\">Hik-Vision<\/span>\n\t\t\t\t\t<\/span>\n\t\t\t\t\t<\/a>\n\t\t\t\t\t\t\t\t<\/div>\n\t\t\t\t<div class=\"elementor-element elementor-element-8299ae3 elementor-widget__width-auto elementor-widget elementor-widget-button\" data-id=\"8299ae3\" data-element_type=\"widget\" data-widget_type=\"button.default\">\n\t\t\t\t\t\t\t\t\t\t<a class=\"elementor-button elementor-button-link elementor-size-sm\" href=\"#\">\n\t\t\t\t\t\t<span class=\"elementor-button-content-wrapper\">\n\t\t\t\t\t\t\t\t\t<span class=\"elementor-button-text\">Dahua<\/span>\n\t\t\t\t\t<\/span>\n\t\t\t\t\t<\/a>\n\t\t\t\t\t\t\t\t<\/div>\n\t\t\t\t<div class=\"elementor-element elementor-element-0743fdf elementor-widget__width-auto elementor-widget elementor-widget-button\" data-id=\"0743fdf\" data-element_type=\"widget\" data-widget_type=\"button.default\">\n\t\t\t\t\t\t\t\t\t\t<a class=\"elementor-button elementor-size-sm\" role=\"button\">\n\t\t\t\t\t\t<span class=\"elementor-button-content-wrapper\">\n\t\t\t\t\t\t\t\t\t<span class=\"elementor-button-text\">Unify Protect<\/span>\n\t\t\t\t\t<\/span>\n\t\t\t\t\t<\/a>\n\t\t\t\t\t\t\t\t<\/div>\n\t\t\t\t<\/div>\n\t\t\t\t<div class=\"elementor-element elementor-element-dbe954f elementor-icon-list--layout-traditional elementor-list-item-link-full_width elementor-widget elementor-widget-icon-list\" data-id=\"dbe954f\" data-element_type=\"widget\" data-widget_type=\"icon-list.default\">\n\t\t\t\t\t\t\t<ul class=\"elementor-icon-list-items\">\n\t\t\t\t\t\t\t<li class=\"elementor-icon-list-item\">\n\t\t\t\t\t\t\t\t\t\t<span class=\"elementor-icon-list-text\">Nejd\u0159\u00edve je pot\u0159eba zjistit, jak vypad\u00e1 tv\u016fj b\u011b\u017en\u00fd j\u00eddeln\u00ed\u010dek. To ud\u011bl\u00e1\u0161 tak, \u017ee si pomoc\u00ed aplikace <b>Kalorick\u00e9 tabulky<\/b> vytvo\u0159\u00ed\u0161 <b>t\u00fddenn\u00ed z\u00e1znam<\/b> toho, co skute\u010dn\u011b j\u00ed\u0161 a pije\u0161.<\/span>\n\t\t\t\t\t\t\t\t\t<\/li>\n\t\t\t\t\t\t<\/ul>\n\t\t\t\t\t\t<\/div>\n\t\t\t\t<div class=\"elementor-element elementor-element-4f2e862 elementor-widget elementor-widget-button\" data-id=\"4f2e862\" data-element_type=\"widget\" data-widget_type=\"button.default\">\n\t\t\t\t\t\t\t\t\t\t<a class=\"elementor-button elementor-button-link elementor-size-sm\" href=\"#\">\n\t\t\t\t\t\t<span class=\"elementor-button-content-wrapper\">\n\t\t\t\t\t\t\t\t\t<span class=\"elementor-button-text\">Na\u0161e projekty<\/span>\n\t\t\t\t\t<\/span>\n\t\t\t\t\t<\/a>\n\t\t\t\t\t\t\t\t<\/div>\n\t\t\t\t<\/div>\n\t\t\t\t<div class=\"elementor-element elementor-element-0c367f9 elementor-widget elementor-widget-image\" data-id=\"0c367f9\" data-element_type=\"widget\" data-widget_type=\"image.default\">\n\t\t\t\t\t\t\t\t\t\t\t\t\t\t\t<img decoding=\"async\" width=\"1024\" height=\"1024\" src=\"https:\/\/www.aidtech.cz\/wp-content\/uploads\/2025\/08\/kamorevove-systemy-1024x1024.png\" class=\"attachment-large size-large wp-image-40\" alt=\"\" srcset=\"https:\/\/www.aidtech.cz\/wp-content\/uploads\/2025\/08\/kamorevove-systemy-1024x1024.png 1024w, https:\/\/www.aidtech.cz\/wp-content\/uploads\/2025\/08\/kamorevove-systemy-300x300.png 300w, https:\/\/www.aidtech.cz\/wp-content\/uploads\/2025\/08\/kamorevove-systemy-150x150.png 150w, https:\/\/www.aidtech.cz\/wp-content\/uploads\/2025\/08\/kamorevove-systemy-768x768.png 768w, https:\/\/www.aidtech.cz\/wp-content\/uploads\/2025\/08\/kamorevove-systemy-1536x1536.png 1536w, https:\/\/www.aidtech.cz\/wp-content\/uploads\/2025\/08\/kamorevove-systemy.png 2048w\" sizes=\"(max-width: 1024px) 100vw, 1024px\" \/>\t\t\t\t\t\t\t\t\t\t\t\t\t\t\t<\/div>\n\t\t\t\t<\/div>\n\t\t\t\t\t<\/div>\n\t\t\t\t<\/div>\n\t\t<div class=\"elementor-element elementor-element-1579699 e-flex e-con-boxed e-con e-parent\" data-id=\"1579699\" data-element_type=\"container\">\n\t\t\t\t\t<div class=\"e-con-inner\">\n\t\t<div class=\"elementor-element elementor-element-b64f998 e-grid e-con-full e-con e-child\" data-id=\"b64f998\" data-element_type=\"container\">\n\t\t\t\t<div class=\"elementor-element elementor-element-650a4b8 elementor-widget elementor-widget-image\" data-id=\"650a4b8\" data-element_type=\"widget\" data-widget_type=\"image.default\">\n\t\t\t\t\t\t\t\t\t\t\t\t\t\t\t<img loading=\"lazy\" decoding=\"async\" width=\"1024\" height=\"1024\" src=\"https:\/\/www.aidtech.cz\/wp-content\/uploads\/2025\/08\/tech-poradensvi.png\" class=\"attachment-full size-full wp-image-47\" alt=\"\" srcset=\"https:\/\/www.aidtech.cz\/wp-content\/uploads\/2025\/08\/tech-poradensvi.png 1024w, https:\/\/www.aidtech.cz\/wp-content\/uploads\/2025\/08\/tech-poradensvi-300x300.png 300w, https:\/\/www.aidtech.cz\/wp-content\/uploads\/2025\/08\/tech-poradensvi-150x150.png 150w, https:\/\/www.aidtech.cz\/wp-content\/uploads\/2025\/08\/tech-poradensvi-768x768.png 768w\" sizes=\"(max-width: 1024px) 100vw, 1024px\" \/>\t\t\t\t\t\t\t\t\t\t\t\t\t\t\t<\/div>\n\t\t<div class=\"elementor-element elementor-element-89926cb e-con-full e-flex e-con e-child\" data-id=\"89926cb\" data-element_type=\"container\">\n\t\t\t\t<div class=\"elementor-element elementor-element-e846740 elementor-widget elementor-widget-heading\" data-id=\"e846740\" data-element_type=\"widget\" data-widget_type=\"heading.default\">\n\t\t\t\t\t<h2 class=\"elementor-heading-title elementor-size-default\">Koordinace projektu<\/h2>\t\t\t\t<\/div>\n\t\t<div class=\"elementor-element elementor-element-c59baf7 e-con-full e-flex e-con e-child\" data-id=\"c59baf7\" data-element_type=\"container\">\n\t\t\t\t<div class=\"elementor-element elementor-element-29b8520 elementor-widget__width-auto elementor-widget elementor-widget-button\" data-id=\"29b8520\" data-element_type=\"widget\" data-widget_type=\"button.default\">\n\t\t\t\t\t\t\t\t\t\t<a class=\"elementor-button elementor-button-link elementor-size-sm\" href=\"#\">\n\t\t\t\t\t\t<span class=\"elementor-button-content-wrapper\">\n\t\t\t\t\t\t\t\t\t<span class=\"elementor-button-text\">Poradenstv\u00ed<\/span>\n\t\t\t\t\t<\/span>\n\t\t\t\t\t<\/a>\n\t\t\t\t\t\t\t\t<\/div>\n\t\t\t\t<div class=\"elementor-element elementor-element-f68b163 elementor-widget__width-auto elementor-widget elementor-widget-button\" data-id=\"f68b163\" data-element_type=\"widget\" data-widget_type=\"button.default\">\n\t\t\t\t\t\t\t\t\t\t<a class=\"elementor-button elementor-button-link elementor-size-sm\" href=\"#\">\n\t\t\t\t\t\t<span class=\"elementor-button-content-wrapper\">\n\t\t\t\t\t\t\t\t\t<span class=\"elementor-button-text\">Koordinace stavby<\/span>\n\t\t\t\t\t<\/span>\n\t\t\t\t\t<\/a>\n\t\t\t\t\t\t\t\t<\/div>\n\t\t\t\t<\/div>\n\t\t\t\t<div class=\"elementor-element elementor-element-1427c68 elementor-icon-list--layout-traditional elementor-list-item-link-full_width elementor-widget elementor-widget-icon-list\" data-id=\"1427c68\" data-element_type=\"widget\" data-widget_type=\"icon-list.default\">\n\t\t\t\t\t\t\t<ul class=\"elementor-icon-list-items\">\n\t\t\t\t\t\t\t<li class=\"elementor-icon-list-item\">\n\t\t\t\t\t\t\t\t\t\t<span class=\"elementor-icon-list-text\">Nejd\u0159\u00edve je pot\u0159eba zjistit, jak vypad\u00e1 tv\u016fj b\u011b\u017en\u00fd j\u00eddeln\u00ed\u010dek. To ud\u011bl\u00e1\u0161 tak, \u017ee si pomoc\u00ed aplikace <b>Kalorick\u00e9 tabulky<\/b> vytvo\u0159\u00ed\u0161 <b>t\u00fddenn\u00ed z\u00e1znam<\/b> toho, co skute\u010dn\u011b j\u00ed\u0161 a pije\u0161.<\/span>\n\t\t\t\t\t\t\t\t\t<\/li>\n\t\t\t\t\t\t<\/ul>\n\t\t\t\t\t\t<\/div>\n\t\t\t\t<div class=\"elementor-element elementor-element-5ff7f5e elementor-widget elementor-widget-button\" data-id=\"5ff7f5e\" data-element_type=\"widget\" data-widget_type=\"button.default\">\n\t\t\t\t\t\t\t\t\t\t<a class=\"elementor-button elementor-button-link elementor-size-sm\" href=\"#\">\n\t\t\t\t\t\t<span class=\"elementor-button-content-wrapper\">\n\t\t\t\t\t\t\t\t\t<span class=\"elementor-button-text\">Na\u0161e projekty<\/span>\n\t\t\t\t\t<\/span>\n\t\t\t\t\t<\/a>\n\t\t\t\t\t\t\t\t<\/div>\n\t\t\t\t<\/div>\n\t\t\t\t<\/div>\n\t\t\t\t\t<\/div>\n\t\t\t\t<\/div>\n\t\t\t\t<\/div>\n\t\t","protected":false},"excerpt":{"rendered":"<p>Osv\u011btlen\u00ed &nbsp; &nbsp; Nejd\u0159\u00edve je pot\u0159eba zjistit, jak vypad\u00e1 tv\u016fj b\u011b\u017en\u00fd j\u00eddeln\u00ed\u010dek. To ud\u011bl\u00e1\u0161 tak, \u017ee si pomoc\u00ed aplikace Kalorick\u00e9 [&hellip;]<\/p>\n","protected":false},"author":1,"featured_media":0,"parent":0,"menu_order":0,"comment_status":"closed","ping_status":"closed","template":"","meta":{"site-sidebar-layout":"no-sidebar","site-content-layout":"","ast-site-content-layout":"full-width-container","site-content-style":"default","site-sidebar-style":"default","ast-global-header-display":"","ast-banner-title-visibility":"","ast-main-header-display":"","ast-hfb-above-header-display":"","ast-hfb-below-header-display":"","ast-hfb-mobile-header-display":"","site-post-title":"disabled","ast-breadcrumbs-content":"","ast-featured-img":"disabled","footer-sml-layout":"","theme-transparent-header-meta":"default","adv-header-id-meta":"","stick-header-meta":"","header-above-stick-meta":"","header-main-stick-meta":"","header-below-stick-meta":"","astra-migrate-meta-layouts":"set","ast-page-background-enabled":"default","ast-page-background-meta":{"desktop":{"background-color":"var(--ast-global-color-5)","background-image":"","background-repeat":"repeat","background-position":"center center","background-size":"auto","background-attachment":"scroll","background-type":"","background-media":"","overlay-type":"","overlay-color":"","overlay-opacity":"","overlay-gradient":""},"tablet":{"background-color":"","background-image":"","background-repeat":"repeat","background-position":"center center","background-size":"auto","background-attachment":"scroll","background-type":"","background-media":"","overlay-type":"","overlay-color":"","overlay-opacity":"","overlay-gradient":""},"mobile":{"background-color":"","background-image":"","background-repeat":"repeat","background-position":"center center","background-size":"auto","background-attachment":"scroll","background-type":"","background-media":"","overlay-type":"","overlay-color":"","overlay-opacity":"","overlay-gradient":""}},"ast-content-background-meta":{"desktop":{"background-color":"var(--ast-global-color-4)","background-image":"","background-repeat":"repeat","background-position":"center center","background-size":"auto","background-attachment":"scroll","background-type":"","background-media":"","overlay-type":"","overlay-color":"","overlay-opacity":"","overlay-gradient":""},"tablet":{"background-color":"var(--ast-global-color-4)","background-image":"","background-repeat":"repeat","background-position":"center center","background-size":"auto","background-attachment":"scroll","background-type":"","background-media":"","overlay-type":"","overlay-color":"","overlay-opacity":"","overlay-gradient":""},"mobile":{"background-color":"var(--ast-global-color-4)","background-image":"","background-repeat":"repeat","background-position":"center center","background-size":"auto","background-attachment":"scroll","background-type":"","background-media":"","overlay-type":"","overlay-color":"","overlay-opacity":"","overlay-gradient":""}},"footnotes":""},"class_list":["post-39","page","type-page","status-publish","hentry"],"_links":{"self":[{"href":"https:\/\/www.aidtech.cz\/index.php?rest_route=\/wp\/v2\/pages\/39","targetHints":{"allow":["GET"]}}],"collection":[{"href":"https:\/\/www.aidtech.cz\/index.php?rest_route=\/wp\/v2\/pages"}],"about":[{"href":"https:\/\/www.aidtech.cz\/index.php?rest_route=\/wp\/v2\/types\/page"}],"author":[{"embeddable":true,"href":"https:\/\/www.aidtech.cz\/index.php?rest_route=\/wp\/v2\/users\/1"}],"replies":[{"embeddable":true,"href":"https:\/\/www.aidtech.cz\/index.php?rest_route=%2Fwp%2Fv2%2Fcomments&post=39"}],"version-history":[{"count":23,"href":"https:\/\/www.aidtech.cz\/index.php?rest_route=\/wp\/v2\/pages\/39\/revisions"}],"predecessor-version":[{"id":77,"href":"https:\/\/www.aidtech.cz\/index.php?rest_route=\/wp\/v2\/pages\/39\/revisions\/77"}],"wp:attachment":[{"href":"https:\/\/www.aidtech.cz\/index.php?rest_route=%2Fwp%2Fv2%2Fmedia&parent=39"}],"curies":[{"name":"wp","href":"https:\/\/api.w.org\/{rel}","templated":true}]}}